{"id":21,"date":"2020-02-16T01:56:31","date_gmt":"2020-02-16T00:56:31","guid":{"rendered":"http:\/\/tierarzt-gebhart.de\/?page_id=21"},"modified":"2022-09-30T20:17:04","modified_gmt":"2022-09-30T18:17:04","slug":"impressum","status":"publish","type":"page","link":"https:\/\/tierarzt-gebhart.de\/?page_id=21","title":{"rendered":"Impressum"},"content":{"rendered":"<h2>Kontakt<\/h2>\n<p><b>Postanschrift:<\/b><br \/>\nTierarzt Joachim Gebhart<br \/>\nGrosjeanstr. 8<br \/>\n81925 M\u00fcnchen<br \/>\nDeutschland<\/p>\n<p><b>Telefon:<\/b> +49 (0)160 95578443<\/p>\n<p><b>E-Mail:<\/b> <a href=\"mailto:kontakt@tierarzt-gebhart.de\">kontakt@tierarzt-gebhart.de<\/a><br \/>\n<!--\nUmsatzsteuer-Identifikationsnummer gem\u00e4\u00df \u00a727 a Umsatzsteuergesetz:\n?????\n--><br \/>\n<b>Berufsbezeichnung:<\/b> Tierarzt (Verliehen in Deutschland)<\/p>\n<p><b>Zust\u00e4ndige Kammer:<\/b> Bayerische Landestier\u00e4rztekammer <a href=\"http:\/\/www.bltk.de\" target=\"_blank\" rel=\"noopener noreferrer\">http:\/\/www.bltk.de<\/a><\/p>\n<p><b>Berufsrechtliche Regelungen:<\/b> Es gelten die Regelungen der Bundes-Tier\u00e4rzteordnung einsehbar unter: <a href=\"http:\/\/www.buzer.de\/gesetz\/6705\" target=\"_blank\" rel=\"noopener noreferrer\">http:\/\/www.buzer.de\/gesetz\/6705<\/a><\/p>\n<p><b>Geb\u00fchrenordnung f\u00fcr Tier\u00e4rzte:<\/b> <a href=\"http:\/\/www.bltk.de\/downloads\/got.pdf\" target=\"_blank\" rel=\"noopener noreferrer\">http:\/\/www.bltk.de\/downloads\/got.pdf<\/a><\/p>\n<h2>Datenschutzerkl\u00e4rung<\/h2>\n<p>Die Rechtsgrundlage der Datenverarbeitung auf dieser Homepage ist Art. 6 Abs. 1 DSGVO. Die \u00dcbermittlung s\u00e4mtlicher Daten ist derzeit noch ungesichert, d. h. sie erfolgt nicht \u00fcber eine https-Verbindung. Daher k\u00f6nnten die \u00fcbermittelten Daten auch unbefugten Dritten zur Kenntnis gelangen.<\/p>\n<h3>Datenschutzhinweis<\/h3>\n<p>S\u00e4mtliche erhobene Daten (s. u.) werden zum Zweck der Nutzung dieser Homepage und zum Schutz der Rechte und des (auch geistigen) Eigentums des Herausgebers verarbeitet. Diese Daten werden auch verarbeitet, um den Aufbau sowie die Aufrechterhaltung der Verbindung sowie ein problemloses Surfen auf dieser Homepage gew\u00e4hrleisten zu k\u00f6nnen. Die Datenverarbeitung erfolgt ebenso f\u00fcr administrative Zwecke zur Auswertung von Nutzungsstatistiken.<br \/>\nDie benannten Zwecke begr\u00fcnden im Weiteren das Herausgeberinteresse an der Datenverarbeitung durch Nutzung dieser Homepage an sich.<br \/>\nS\u00e4mtliche erhobene Daten und Informationen werden nicht genutzt, um den Nutzer dieser Homepage pers\u00f6nlich zu identifizieren, es sei denn, er tritt \u00fcber die auf der Webseite angebotenen digitalen M\u00f6glichkeiten mit dem Herausgeber in Kontakt.<br \/>\nUm die Nutzerdaten gegen zuf\u00e4llige oder vors\u00e4tzliche Manipulationen, teilweisen oder vollst\u00e4ndigen Verlust, Zerst\u00f6rung oder gegen den unbefugten Zugriff Dritter zu sch\u00fctzen, kommen im Zugriffsbereich geeignete technische und organisatorische Sicherheitsma\u00dfnahmen zum Einsatz (Art. 25 DSGVO).<br \/>\nAuf dieser Homepage befinden sich Verlinkungen zu anderen Webseiten im Internet. Mit Anklicken dieser Verlinkungen verl\u00e4sst der Nutzer diese Homepage. Der Herausgeber dieser Homepage \u00fcbernimmt keine Haftung f\u00fcr Rechtsverletzungen, dahingestellt aus welchem Rechtsgrund, die mit dem Anklicken der Verlinkungen sowie dem Verlassen dieser Homepage einhergehen k\u00f6nnten. Insbesondere haftet der Herausgeber nicht f\u00fcr Datenschutzverletzungen, die sich allein durch Anklicken oder Mausber\u00fchrung der Verlinkungen sowie dar\u00fcber hinaus durch Besuch der extern verlinkten Seiten ergeben.<br \/>\nBeim Aufrufen dieser Homepage werden durch den vom Nutzer verwendeten Browser automatisch verschiedene Informationen an den Server, von dem diese Homepage in dem Moment abgerufen wird, \u00fcbertragen. Diese werden zumindest zeitweilig in einer Speicherdatei auf dem Server erfasst, einem sogenannten Log-File. Davon unbenommen sind Daten, die der Internetprovider des Nutzers auf gesetzlicher oder sonstiger Basis vom Nutzer erfasst und eventuell speichert. Vorbenannte Informationen sind z. B. die IP-Adresse des Nutzer-Endger\u00e4tes, Datum und Uhrzeit des Zugriffs, Name und Internetadresse der abgerufenen Dateien, die Ursprungswebseite, von der aus der Zugriff erfolgt, der zugreifende Browser und das Betriebssystem des Zugriffger\u00e4tes sowie der Name des Access-Providers des Nutzers.<br \/>\nAuf dieser Homepage wird die M\u00f6glichkeit des Direktkontaktes \u00fcber ein entsprechendes Formular geboten, in dem der Nutzer seine Daten freiwillig eintragen kann. Dazu geh\u00f6rt auch eine vom Nutzer anzugebende E-Mailadresse oder Telefonnummer, die als Pflichtfeld gekennzeichnet sind, da der gew\u00fcnschte Kontakt sonst nicht hergestellt werden kann. Mit dem Eintrag und der Best\u00e4tigung des Opt-Ins zur Kontaktaufnahme erteilt der Nutzer dem Herausgeber die freiwillige Einwilligung zu dieser Kontaktaufnahme nach Art. 6 Abs. 1 Satz 1 a) DSGVO. Die \u00fcbermittelten Kontaktdaten werden gel\u00f6scht, wenn die Nutzeranfrage abschlie\u00dfend bearbeitet wurde, bzw. unabh\u00e4ngig von einer erfolgten Kontaktaufnahme automatisch sp\u00e4testens nach einem Monat.<\/p>\n<h3>Cookies<\/h3>\n<p>Auf dieser Internetseite werden Cookies eingesetzt. Cookies sind, vereinfacht gesagt, kleine Programme, die auf dem Endger\u00e4t, von dem der Nutzer auf diese Seite zugreift, abgelegt werden und Informationen \u00fcber das Nutzerverhalten im Internet sammeln, weiterleiten und auswerten. Diese Cookies werden nicht vom Herausgeber dieser Seite, sondern auf den Servern eines Dritten gespeichert, die sich zudem au\u00dferhalb der EU befinden. Wenn der Nutzer die Cookies nach Beenden der Session nicht in seinem benutzten Browser l\u00f6scht, kann anhand dieser Cookies u. a. sp\u00e4ter erkannt werden, dass der Nutzer diese Seite bereits zuvor besucht hat. Dadurch werden auch die vormals vorgenommenen Nutzereinstellungen bez\u00fcglich der Webseite wieder hergestellt und angewendet.<br \/>\nInformationen zum Umgang mit Cookies sind auch den Dokumentationen des genutzten Browsers zu entnehmen, in den ebenfalls (teils automatisierte) M\u00f6glichkeiten offeriert werden d\u00fcrften, die Annahme von Cookies zu verweigern bzw. diese nach Aufruf der Seite automatisch wieder l\u00f6schen zu lassen oder l\u00f6schen zu k\u00f6nnen.<br \/>\nDie eingesetzten Cookies werden auch genutzt, um die Webseite benutzerfreundlich zu gestalten. Weiterhin kommen Session-Cookies zum Einsatz, mit denen nachvollzogen werden kann, welche Unterseiten dieser Internetseite der Nutzer besucht hat.<br \/>\nDie Rechtsgrundlage f\u00fcr die Erhebung der Cookies ergibt sich aus Art. 6 Abs. 1 Satz 1 f) DSGVO und dient der Wahrnehmung des berechtigten Interesses des Herausgebers sowie desselbigen von an der Webseite beteiligter Dritten, z. B. Serverhost, Provider.<\/p>\n<h3>Rechte des Nutzers als Betroffene(r)<\/h3>\n<p>Der Nutzer kann gem\u00e4\u00df Art. 15 DSGVO Auskunft \u00fcber seine vom Herausgeber verarbeiteten personenbezogenen Daten verlangen. Dies betrifft besonders den Verarbeitungszweck, die Kategorie der personenbezogenen Daten, die Kategorien von Empf\u00e4ngern, denen die Nutzerdaten \u00fcbermittelt werden, die Speicherdauer der Nutzerdaten, die Nutzerrechte auf Berichtigung (Art. 16 DSGVO), L\u00f6schung (Art. 17 DSGVO), Einschr\u00e4nkung der Verarbeitung (Art. 18 DSGVO) oder Widerspruch (Art. 21 DSGVO) sowie das Bestehen eines Beschwerderechts (Art. 77 DSGVO).<br \/>\nAu\u00dferdem hat der Nutzer das Recht auf Daten\u00fcbertragbarkeit (Art. 20 DSGVO), das hei\u00dft \u00dcbermittlung der vom Nutzer bereitgestellten Daten durch den Herausgeber der Seite in einem strukturierten, g\u00e4ngigen und maschinenlesebaren Format an sich selbst oder an einen anderen Verantwortlichen.<br \/>\nSollte der Nutzer dem Herausgeber eine Einwilligung zur Datenerhebung erteilt haben, kann diese gem\u00e4\u00df Art. 7 Abs. 3 DSGVO jederzeit widerrufen oder abge\u00e4ndert werden. Dies hat zur Folge, dass die Datenverarbeitung, die auf dieser Einwilligung beruhte, f\u00fcr die Zukunft nicht mehr in der vormaligen Weise fortgef\u00fchrt werden darf.<\/p>\n","protected":false},"excerpt":{"rendered":"<p>Kontakt Postanschrift: Tierarzt Joachim Gebhart Grosjeanstr. 8 81925 M\u00fcnchen Deutschland Telefon: +49 (0)160 95578443 E-Mail: kontakt@tierarzt-gebhart.de Berufsbezeichnung: Tierarzt (Verliehen in Deutschland) Zust\u00e4ndige Kammer: Bayerische Landestier\u00e4rztekammer http:\/\/www.bltk.de Berufsrechtliche Regelungen: Es gelten die Regelungen der Bundes-Tier\u00e4rzteordnung einsehbar unter: http:\/\/www.buzer.de\/gesetz\/6705 Geb\u00fchrenordnung f\u00fcr Tier\u00e4rzte: http:\/\/www.bltk.de\/downloads\/got.pdf Datenschutzerkl\u00e4rung Die Rechtsgrundlage der Datenverarbeitung auf dieser Homepage ist Art. 6 Abs. 1 DSGVO. Die \u00dcbermittlung s\u00e4mtlicher Daten ist derzeit noch ungesichert, d. h. sie erfolgt nicht \u00fcber eine https-Verbindung. Daher k\u00f6nnten die \u00fcbermittelten Daten auch unbefugten Dritten zur Kenntnis gelangen. Datenschutzhinweis S\u00e4mtliche erhobene Daten (s. u.) werden zum Zweck der Nutzung dieser Homepage und zum Schutz der Rechte&#8230; <\/p>\n","protected":false},"author":1,"featured_media":0,"parent":0,"menu_order":0,"comment_status":"closed","ping_status":"closed","template":"template-no-sidebar.php","meta":{"_uag_custom_page_level_css":""},"uagb_featured_image_src":{"full":false,"thumbnail":false,"medium":false,"medium_large":false,"large":false,"1536x1536":false,"2048x2048":false,"homepage-thumb":false},"uagb_author_info":{"display_name":"Joachim Gebhart","author_link":"https:\/\/tierarzt-gebhart.de\/?author=1"},"uagb_comment_info":0,"uagb_excerpt":"Kontakt Postanschrift: Tierarzt Joachim Gebhart Grosjeanstr. 8 81925 M\u00fcnchen Deutschland Telefon: +49 (0)160 95578443 E-Mail: kontakt@tierarzt-gebhart.de Berufsbezeichnung: Tierarzt (Verliehen in Deutschland) Zust\u00e4ndige Kammer: Bayerische Landestier\u00e4rztekammer http:\/\/www.bltk.de Berufsrechtliche Regelungen: Es gelten die Regelungen der Bundes-Tier\u00e4rzteordnung einsehbar unter: http:\/\/www.buzer.de\/gesetz\/6705 Geb\u00fchrenordnung f\u00fcr Tier\u00e4rzte: http:\/\/www.bltk.de\/downloads\/got.pdf Datenschutzerkl\u00e4rung Die Rechtsgrundlage der Datenverarbeitung auf dieser Homepage ist Art. 6 Abs. 1 DSGVO.&hellip;","_links":{"self":[{"href":"https:\/\/tierarzt-gebhart.de\/index.php?rest_route=\/wp\/v2\/pages\/21"}],"collection":[{"href":"https:\/\/tierarzt-gebhart.de\/index.php?rest_route=\/wp\/v2\/pages"}],"about":[{"href":"https:\/\/tierarzt-gebhart.de\/index.php?rest_route=\/wp\/v2\/types\/page"}],"author":[{"embeddable":true,"href":"https:\/\/tierarzt-gebhart.de\/index.php?rest_route=\/wp\/v2\/users\/1"}],"replies":[{"embeddable":true,"href":"https:\/\/tierarzt-gebhart.de\/index.php?rest_route=%2Fwp%2Fv2%2Fcomments&post=21"}],"version-history":[{"count":8,"href":"https:\/\/tierarzt-gebhart.de\/index.php?rest_route=\/wp\/v2\/pages\/21\/revisions"}],"predecessor-version":[{"id":31,"href":"https:\/\/tierarzt-gebhart.de\/index.php?rest_route=\/wp\/v2\/pages\/21\/revisions\/31"}],"wp:attachment":[{"href":"https:\/\/tierarzt-gebhart.de\/index.php?rest_route=%2Fwp%2Fv2%2Fmedia&parent=21"}],"curies":[{"name":"wp","href":"https:\/\/api.w.org\/{rel}","templated":true}]}}